{"id":890,"date":"2019-11-25T14:26:44","date_gmt":"2019-11-25T13:26:44","guid":{"rendered":"https:\/\/church4you.be\/?page_id=3"},"modified":"2020-02-12T06:44:00","modified_gmt":"2020-02-12T05:44:00","slug":"politique-de-confidentialite","status":"publish","type":"page","link":"https:\/\/church4you.be\/bruxelles\/politique-de-confidentialite\/","title":{"rendered":"Politique de confidentialit\u00e9"},"content":{"rendered":"\n<p><strong>Politique\nde confidentialit\u00e9<\/strong><\/p>\n\n\n\n<p>Pour les Pastorales des Jeunes (PJ), le respect des donn\u00e9es personnelles\nest essentiel. C&rsquo;est pour cette raison que les PJ veulent \u00eatre transparentes au\nsujet des donn\u00e9es qui seront collect\u00e9es, la fa\u00e7on dont elles seront utilis\u00e9es\net quels sont les droits de l&rsquo;utilisateur pour g\u00e9rer ces informations. Le 25\nmai 2018 nous avons modifi\u00e9 notre politique de confidentialit\u00e9 pour satisfaire\naux normes \u00e9tablies par le r\u00e8glement g\u00e9n\u00e9ral sur la protection des donn\u00e9es\n(RGPD) qui sont d&rsquo;application dans l&rsquo;union europ\u00e9enne. Les PJ \u00e9tendent\n\u00e9galement ces conditions aux utilisateurs du monde entier.<\/p>\n\n\n\n<p>Les PJ respectent les donn\u00e9es personnelles et collectent uniquement les\ninformations g\u00e9n\u00e9rales, non-sensibles, qui peuvent apporter une meilleure\nexp\u00e9rience \u00e0 l&rsquo;utilisateur. Les donn\u00e9es personnelles collect\u00e9es sont ensuite\nm\u00e9ticuleusement prot\u00e9g\u00e9es. Les PJ ne vendent pas les donn\u00e9es personnelles \u00e0 des\ntiers et ne le fera jamais.<\/p>\n\n\n\n<p>Notre association ne s&rsquo;adresse pas directement \u00e0 des enfants de moins de 11\nans. Elle s&rsquo;adresse plut\u00f4t \u00e0 un public d&rsquo;individus et \u00e0 des professionnels.\nCertaines parties de notre site sont cependant accessibles pour des visiteurs\nde tout \u00e2ge. Les PJ ne collectent ou ne demandent pas d&rsquo;informations\npersonnelles \u00e0 des personnes de moins de 16 ans sans l&rsquo;autorisation de leurs\nparents ou de leurs responsables.<\/p>\n\n\n\n<p><strong>La loi sur le traitement et\nl&rsquo;utilisation des informations personnelles<\/strong><\/p>\n\n\n\n<p>Les PJ s&rsquo;appuient sur diff\u00e9rents fondements juridiques afin d&rsquo;utiliser vos\ndonn\u00e9es personnelles, c&rsquo;est-\u00e0-dire : Le concept d&rsquo;int\u00e9r\u00eat l\u00e9gitime : les PJ\ntraitent et peuvent utiliser les donn\u00e9es personnelles en int\u00e9r\u00eat l\u00e9gitime. Le\nconcept d&rsquo;int\u00e9r\u00eat l\u00e9gitime est par exemple utilis\u00e9 pour l&rsquo;analyse et\nl&rsquo;am\u00e9lioration de nos produits et services, aussi bien que le contenu de nos\nsites internet et nos applications. Pour informer les personnes en\nresponsabilit\u00e9s d\u2019un groupe de jeune d\u2019activit\u00e9s\/ formation\/rencontre organiser\npour eux ou les jeunes qu\u2019ils animent.<\/p>\n\n\n\n<p><strong>Politique de confidentialit\u00e9<\/strong><\/p>\n\n\n\n<p><strong>1. Administration<\/strong><\/p>\n\n\n\n<p>Cette d\u00e9claration s&rsquo;applique aux informations recueillies des sites webs\nsuivants et qui sont sous notre contr\u00f4le : <a href=\"http:\/\/www.jeunescathos.org\" target=\"_blank\" rel=\"noreferrer noopener\">www.jeunescathos.org<\/a> (et sites webs\nli\u00e9s \u00e0 savoir : <a href=\"http:\/\/www.jeunescathos-bxl.org\" target=\"_blank\" rel=\"noreferrer noopener\">www.jeunescathos-bxl.org<\/a> \u2013 <a href=\"http:\/\/www.pjbw.net\" target=\"_blank\" rel=\"noreferrer noopener\">www.pjbw.net<\/a> \u2013 <a href=\"http:\/\/www.jeunescathos-tournai.be\" target=\"_blank\" rel=\"noreferrer noopener\">www.jeunescathos-tournai.be<\/a> \u2013 <a href=\"http:\/\/www.sdjliege.be\">www.sdjliege.be<\/a> \u2013 <a href=\"http:\/\/www.jeunesnamluxcatho.be\" target=\"_blank\" rel=\"noreferrer noopener\">www.jeunesnamluxcatho.be<\/a>). Les\ncoordonn\u00e9es de contact se trouvent sur les pages de contact mais vous pouvez\n\u00e9galement nous envoyer un mail \u00e0 <a href=\"mailto:catherine.jongen@gmail.com\">catherine.jongen@gmail.com<\/a>.<\/p>\n\n\n\n<p><strong>2. Donn\u00e9es des visiteurs<\/strong><\/p>\n\n\n\n<p>Par un enregistrement pour recevoir la newsletter ou autre publication\nproduite par les PJ, nous pouvons recueillir les noms, sexe, date de naissance,\n\u00e9tat civil, religion, adresse email et location g\u00e9ographique.<\/p>\n\n\n\n<p>Nous pouvons aussi recueillir les noms, sexe, date de naissance, \u00e9tat\ncivil, religion, adresse email et location g\u00e9ographique, que nos utilisateurs\nfournissent \u00e0 propos des jeunes du groupes dont ils sont responsables\nlorsqu\u2019ils s\u2019inscrivent \u00e0 une activit\u00e9 organis\u00e9e par les PJ.<\/p>\n\n\n\n<p>Les PJ s&rsquo;assurent d&rsquo;une bonne protection des donn\u00e9es enregistr\u00e9es. Les PJ\npeuvent utiliser les donn\u00e9es fournies par le client aux fins suivantes :<br>\n2a Pour traiter d&rsquo;\u00e9ventuels commandes ou inscriptions faites sur notre site web\net pour maintenir nos fichiers \u00e0 jour.<br>\n2b L&rsquo;envoi d&rsquo;un ou plusieurs mails comme, mais pas uniquement, un mail dans\nlequel sont mentionn\u00e9es les donn\u00e9es d&rsquo;inscription.<br>\n2c Attirer l&rsquo;attention (accessoire) sur un produit, un conseil, une actu, une\nopportunit\u00e9, des concours, enqu\u00eates, etc, que les PJ pensent utile pour une\nexp\u00e9rience concluante de l\u2019utilisateur. Par respect pour la vie priv\u00e9e de nos\nutilisateurs nous fournissons l&rsquo;option de ne pas recevoir ces types de\ncommunication.<\/p>\n\n\n\n<p><strong>3. Cookies<\/strong><\/p>\n\n\n\n<p>Conform\u00e9ment \u00e0 la loi du 10 juillet 2012, le site internet ne fait pas\nl&rsquo;utilisation des cookies infinis. Aucun logiciel n&rsquo;est install\u00e9. Un cookie\nn&rsquo;endommage pas votre appareil ou les programmes utilis\u00e9s d&rsquo;une quelconque mani\u00e8re.\nLes informations collect\u00e9es sont compl\u00e8tement anonymes. Elles servent\nuniquement \u00e0 la comparaison du nombre de visiteurs sur le site.<\/p>\n\n\n\n<p><strong>4. Questions<\/strong><\/p>\n\n\n\n<p>Les visiteurs ayant des questions relatives \u00e0 cette politique de\nconfidentialit\u00e9 peuvent les formuler \u00e0 la Liaison des Pastorales des jeunes.\nLes coordonn\u00e9es de contact sont mentionn\u00e9es sur le site internet dans la partie\n1 de cette politique de confidentialit\u00e9.<\/p>\n\n\n\n<p>Les PJ sont autoris\u00e9e \u00e0 modifier le contenu de la politique de\nconfidentialit\u00e9 sans mettre pr\u00e9alablement le visiteur au courant. L&rsquo;application\ndu changement sur le site internet est alors suffisant.<\/p>\n\n\n\n<p>La politique de confidentialit\u00e9 pour les clients est un compl\u00e9ment \u00e0 la\npolitique de confidentialit\u00e9 pour les visiteurs et est valable pour ceux qui effectuent\nune commande aupr\u00e8s des PJ.<\/p>\n\n\n\n<p><strong>5. Droits de l&rsquo;utilisateur<\/strong><\/p>\n\n\n\n<p>Dans le cadre du RGPD, l&rsquo;utilisateur a les droits suivants :<\/p>\n\n\n\n<ul><li>Droit \u00e0\n     \u00eatre inform\u00e9 : l&rsquo;utilisateur peut le lire dans cette charte de politique\n     de confidentialit\u00e9. Les questions suppl\u00e9mentaires \u00e0 ce propos peuvent \u00eatre\n     pos\u00e9es par l&rsquo;utilisateur en envoyant un mail \u00e0 <a href=\"mailto:catherine.jongen@gmail.com\">catherine.jongen@gmail.com<\/a>.<\/li><li>Droit de\n     transfert des donn\u00e9es : pas d&rsquo;application pour les Pastorales des jeunes<\/li><li>Droit\n     d&rsquo;acc\u00e8s : les personnes peuvent consulter les donn\u00e9es collect\u00e9es par les\n     PJ. Ces donn\u00e9es peuvent \u00eatre demand\u00e9es par l&rsquo;utilisateur en envoyant un\n     mail \u00e0 <a href=\"mailto:catherine.jongen@gmail.com\">catherine.jongen@gmail.com<\/a>.<\/li><li>Droit de\n     modification : les personnes peuvent toujours adapter leurs donn\u00e9es. Ces\n     donn\u00e9es peuvent \u00eatre corrig\u00e9es par l&rsquo;utilisateur en envoyant un mail \u00e0 <a href=\"mailto:catherine.jongen@gmail.com\">catherine.jongen@gmail.com<\/a>.<\/li><li>Droit\n     d&rsquo;opposition : les personnes peuvent s&rsquo;opposer \u00e0 l&rsquo;utilisation de leurs\n     donn\u00e9es \u00e0 certaines fins. L&rsquo;utilisateur peut signifier cette opposition en\n     envoyant un mail \u00e0 <a href=\"mailto:catherine.jongen@gmail.com\">catherine.jongen@gmail.com<\/a>.<\/li><li>Droit \u00e0\n     \u00eatre oubli\u00e9 : les personnes peuvent exiger que leurs donn\u00e9es soient\n     supprim\u00e9es de la base de donn\u00e9es. L&rsquo;utilisateur peut exercer ce droit en\n     envoyant un mail \u00e0 <a href=\"mailto:catherine.jongen@gmail.com\">catherine.jongen@gmail.com<\/a>.<\/li><li>Droit de\n     limiter le traitement des donn\u00e9es personnelles : quand il y a par exemple\n     un conflit, la personne en question peut &lsquo;geler&rsquo; le traitement de ses\n     donn\u00e9es personnelles. L&rsquo;utilisateur peut exercer ce droit en envoyant un\n     mail \u00e0 <a href=\"mailto:catherine.jongen@gmail.com\">catherine.jongen@gmail.com<\/a>.<\/li><\/ul>\n\n\n\n<p><strong>Autres<\/strong><\/p>\n\n\n\n<p><strong>6. Contenu du site<\/strong><\/p>\n\n\n\n<p>Le contenu de ce site est pour votre utilisation personnelle et priv\u00e9e\nnon-commercial seulement. Vous ne pouvez copier, reproduire, distribuer,\ntransmettre, \u00e9mettre, exposer, vendre, autoriser, ou autrement exploiter ce ou\nautre contenu pour d&rsquo;autres raisons sans avoir \u00e0 priori avoir le consentement\nen \u00e9crit des PJ.<\/p>\n\n\n\n<p><strong>7. Protection<\/strong><\/p>\n\n\n\n<p>Les donn\u00e9es fournies par le client aux PJ sont enregistr\u00e9es dans un\nenvironnement prot\u00e9g\u00e9. Les PJ prot\u00e8gent les donn\u00e9es d&rsquo;utilisateurs en utilisant\nles mesures de s\u00e9curit\u00e9 suivantes : pare-feu mat\u00e9riel, protection de mot de\npasse, codage SSK et autres technologies et proc\u00e9d\u00e9s utilis\u00e9s pour la\nprotection de la vie priv\u00e9e des consommateurs.<\/p>\n\n\n\n<p>En cas de probl\u00e8me ou pour toutes autres questions concernant la\nconfidentialit\u00e9 ou la s\u00e9curit\u00e9, veuillez contacter la Liaison des pastorales\ndes jeunes \u00e0 <a href=\"mailto:catherine.jongen@gmail.com\">Mme\nCatherine Jongen<\/a>, +32 486 679 975, centre interdioc\u00e9sain ASBL, Rue\nGuimard, 1, 1040 Bruxelles.<\/p>\n","protected":false},"excerpt":{"rendered":"<p>Politique de confidentialit\u00e9 Pour les Pastorales des Jeunes (PJ), le respect des donn\u00e9es personnelles est essentiel. C&rsquo;est pour cette raison que les PJ veulent \u00eatre transparentes au sujet des donn\u00e9es qui seront collect\u00e9es, la fa\u00e7on dont elles seront utilis\u00e9es et quels sont les droits de l&rsquo;utilisateur pour g\u00e9rer ces informations. Le 25 mai 2018 nous &hellip; <\/p>\n<p class=\"link-more\"><a href=\"https:\/\/church4you.be\/bruxelles\/politique-de-confidentialite\/\" class=\"more-link\">Continue reading<span class=\"screen-reader-text\"> \u00ab\u00a0Politique de confidentialit\u00e9\u00a0\u00bb<\/span><\/a><\/p>\n","protected":false},"author":1,"featured_media":0,"parent":0,"menu_order":0,"comment_status":"closed","ping_status":"open","template":"","meta":[],"_links":{"self":[{"href":"https:\/\/church4you.be\/bruxelles\/wp-json\/wp\/v2\/pages\/890"}],"collection":[{"href":"https:\/\/church4you.be\/bruxelles\/wp-json\/wp\/v2\/pages"}],"about":[{"href":"https:\/\/church4you.be\/bruxelles\/wp-json\/wp\/v2\/types\/page"}],"author":[{"embeddable":true,"href":"https:\/\/church4you.be\/bruxelles\/wp-json\/wp\/v2\/users\/1"}],"replies":[{"embeddable":true,"href":"https:\/\/church4you.be\/bruxelles\/wp-json\/wp\/v2\/comments?post=890"}],"version-history":[{"count":0,"href":"https:\/\/church4you.be\/bruxelles\/wp-json\/wp\/v2\/pages\/890\/revisions"}],"wp:attachment":[{"href":"https:\/\/church4you.be\/bruxelles\/wp-json\/wp\/v2\/media?parent=890"}],"curies":[{"name":"wp","href":"https:\/\/api.w.org\/{rel}","templated":true}]}}