{"id":830,"date":"2019-11-26T11:56:54","date_gmt":"2019-11-26T10:56:54","guid":{"rendered":"https:\/\/church4you.be\/?page_id=17"},"modified":"2024-10-24T11:50:09","modified_gmt":"2024-10-24T09:50:09","slug":"contact","status":"publish","type":"page","link":"https:\/\/church4you.be\/brabant-wallon\/contact\/","title":{"rendered":"Contact"},"content":{"rendered":"\n<h2>L&rsquo;\u00e9quipe de la Pastorale des Jeunes \u00e0 votre service !<\/h2>\n\n\n\n<p>N&rsquo;h\u00e9sitez pas \u00e0 nous contacter pour toute demande. Nous vous aiderons ou redirigerons avec plaisir.<\/p>\n","protected":false},"excerpt":{"rendered":"<p>L&rsquo;\u00e9quipe de la Pastorale des Jeunes \u00e0 votre service ! N&rsquo;h\u00e9sitez pas \u00e0 nous contacter pour toute demande. Nous vous aiderons ou redirigerons avec plaisir.<\/p>\n","protected":false},"author":5,"featured_media":13029,"parent":0,"menu_order":0,"comment_status":"closed","ping_status":"closed","template":"page-contact.php","meta":[],"_links":{"self":[{"href":"https:\/\/church4you.be\/brabant-wallon\/wp-json\/wp\/v2\/pages\/830"}],"collection":[{"href":"https:\/\/church4you.be\/brabant-wallon\/wp-json\/wp\/v2\/pages"}],"about":[{"href":"https:\/\/church4you.be\/brabant-wallon\/wp-json\/wp\/v2\/types\/page"}],"author":[{"embeddable":true,"href":"https:\/\/church4you.be\/brabant-wallon\/wp-json\/wp\/v2\/users\/5"}],"replies":[{"embeddable":true,"href":"https:\/\/church4you.be\/brabant-wallon\/wp-json\/wp\/v2\/comments?post=830"}],"version-history":[{"count":40,"href":"https:\/\/church4you.be\/brabant-wallon\/wp-json\/wp\/v2\/pages\/830\/revisions"}],"predecessor-version":[{"id":13036,"href":"https:\/\/church4you.be\/brabant-wallon\/wp-json\/wp\/v2\/pages\/830\/revisions\/13036"}],"wp:featuredmedia":[{"embeddable":true,"href":"https:\/\/church4you.be\/brabant-wallon\/wp-json\/wp\/v2\/media\/13029"}],"wp:attachment":[{"href":"https:\/\/church4you.be\/brabant-wallon\/wp-json\/wp\/v2\/media?parent=830"}],"curies":[{"name":"wp","href":"https:\/\/api.w.org\/{rel}","templated":true}]}}