{"id":810,"date":"2019-11-26T11:54:15","date_gmt":"2019-11-26T10:54:15","guid":{"rendered":"https:\/\/church4you.be\/?page_id=10"},"modified":"2019-12-12T16:38:22","modified_gmt":"2019-12-12T15:38:22","slug":"events","status":"publish","type":"page","link":"https:\/\/church4you.be\/brabant-wallon\/events\/","title":{"rendered":"Activit\u00e9s"},"content":{"rendered":"<div class=\"facetwp-template\" data-name=\"event-list\"><div class=\"block-list grid\">\n<div class=\"grid-sizer\"><\/div>\n<div class=\"grid-item block event brabantwallon\" data-latitude=\"0\" data-longitude=\"0\" data-title=\"Soir\u00e9e des \u00ab presque voisins \u00bb Ouest\">\n\t<div class=\"inner\">\n\t\t\t\t<figure>\n\t\t<a href=\"https:\/\/church4you.be\/brabant-wallon\/?event=soiree-des-presque-voisins-ouest\"><img src=\"https:\/\/church4you.be\/brabant-wallon\/wp-content\/uploads\/sites\/3\/2026\/04\/fete-des-voisins-BW-OUEST-410x580.png\" class=\"tac-event-img wp-post-image\" alt=\"\" loading=\"lazy\" srcset=\"https:\/\/church4you.be\/brabant-wallon\/wp-content\/uploads\/sites\/3\/2026\/04\/fete-des-voisins-BW-OUEST-410x580.png 410w, https:\/\/church4you.be\/brabant-wallon\/wp-content\/uploads\/sites\/3\/2026\/04\/fete-des-voisins-BW-OUEST-177x250.png 177w, https:\/\/church4you.be\/brabant-wallon\/wp-content\/uploads\/sites\/3\/2026\/04\/fete-des-voisins-BW-OUEST-53x75.png 53w, https:\/\/church4you.be\/brabant-wallon\/wp-content\/uploads\/sites\/3\/2026\/04\/fete-des-voisins-BW-OUEST.png 636w\" sizes=\"(max-width: 410px) 100vw, 410px\" \/><\/a>\n\t\t\t\t<\/figure>\n\t\t\t\t<div class=\"content\">\n\t\t\t<div class=\"clear\">\n\t\t\t\t<a href=\"https:\/\/church4you.be\/brabant-wallon\/?event=soiree-des-presque-voisins-ouest\"><h2>Soir\u00e9e des \u00ab presque voisins \u00bb Ouest<\/h2><\/a>\n\n\t\t\t\t<span class=\"online_event\">\u00e9v\u00e9nement en ligne<\/span>\n\t\t\t\t<p>Retrouvez-nous pour notre soir\u00e9e entre&nbsp;presque&nbsp;voisins&nbsp;du BW ouest pour une soir\u00e9e conviviale faite de rencontres, de jeu, de pri\u00e8re et (...)<\/p>\n\t\t\t\t\t\t\t\t\t<p class=\"mat-icon date\">mardi 09 juin 2026<\/p>\t\t\t\t\n\t\t\t\t\t\t\t\t\t\n\t\t\t\t\n\t\t\t\t\t\t\t\t<div class=\"box-tax\"><a href=\"https:\/\/church4you.be\/brabant-wallon\/?event-tag=soiree-animateurs\" rel=\"tag\">soir\u00e9e animateurs<\/a><\/div>\t\t\t\t\t\t\t<\/div>\t\n\t\t\t<div class=\"clear\" style=\"margin-top: 20px;\">\n\t\t\t\t\n\t\t\t\t\t\t\t\t\t<a class=\"button hvr-float\" href=\"https:\/\/church4you.be\/brabant-wallon\/?event=soiree-des-presque-voisins-ouest\">Plus d'infos<\/a>\n\t\t\t\t\t\t\t\t\n\t\t\t<\/div>\n\t\t<\/div>\n\t<\/div>\n<\/div> <div class=\"grid-item block event brabantwallon\" data-latitude=\"0\" data-longitude=\"0\" data-title=\"P\u00e8lerinage \u00e0 Lourdes 2026\">\n\t<div class=\"inner\">\n\t\t\t\t<figure>\n\t\t<a href=\"https:\/\/church4you.be\/brabant-wallon\/?event=pelerinage-a-lourdes-2026\"><img src=\"https:\/\/church4you.be\/brabant-wallon\/wp-content\/uploads\/sites\/3\/2026\/05\/Capture-decran-2026-05-07-a-10.58.51-438x580.png\" class=\"tac-event-img wp-post-image\" alt=\"\" loading=\"lazy\" srcset=\"https:\/\/church4you.be\/brabant-wallon\/wp-content\/uploads\/sites\/3\/2026\/05\/Capture-decran-2026-05-07-a-10.58.51-438x580.png 438w, https:\/\/church4you.be\/brabant-wallon\/wp-content\/uploads\/sites\/3\/2026\/05\/Capture-decran-2026-05-07-a-10.58.51-189x250.png 189w, https:\/\/church4you.be\/brabant-wallon\/wp-content\/uploads\/sites\/3\/2026\/05\/Capture-decran-2026-05-07-a-10.58.51-57x75.png 57w, https:\/\/church4you.be\/brabant-wallon\/wp-content\/uploads\/sites\/3\/2026\/05\/Capture-decran-2026-05-07-a-10.58.51.png 680w\" sizes=\"(max-width: 438px) 100vw, 438px\" \/><\/a>\n\t\t\t\t<\/figure>\n\t\t\t\t<div class=\"content\">\n\t\t\t<div class=\"clear\">\n\t\t\t\t<a href=\"https:\/\/church4you.be\/brabant-wallon\/?event=pelerinage-a-lourdes-2026\"><h2>P\u00e8lerinage \u00e0 Lourdes 2026<\/h2><\/a>\n\n\t\t\t\t<span class=\"online_event\">\u00e9v\u00e9nement en ligne<\/span>\n\t\t\t\t<p>Lourdes est un lieu de gr\u00e2ces, Marie nous y attend \u2026 Viens \u00e0 Lourdes avec le groupe jeunes AB &#8211; Team, le groupe des jeunes animateurs \/ brancardiers (...)<\/p>\n\t\t\t\t\t\t\t\t\t<p class=\"mat-icon date\">jeudi 13 ao\u00fbt 2026<\/p>\t\t\t\t\n\t\t\t\t\t\t\t\t\t\n\t\t\t\t\n\t\t\t\t\t\t\t\t<div class=\"box-tax\"><a href=\"https:\/\/church4you.be\/brabant-wallon\/?event-tag=jeunes\" rel=\"tag\">jeunes<\/a><a href=\"https:\/\/church4you.be\/brabant-wallon\/?event-tag=lourdes\" rel=\"tag\">Lourdes<\/a><a href=\"https:\/\/church4you.be\/brabant-wallon\/?event-tag=pele\" rel=\"tag\">p\u00e9l\u00e9<\/a><a href=\"https:\/\/church4you.be\/brabant-wallon\/?event-tag=solidarite\" rel=\"tag\">Solidarit\u00e9<\/a><\/div>\t\t\t\t\t\t\t<\/div>\t\n\t\t\t<div class=\"clear\" style=\"margin-top: 20px;\">\n\t\t\t\t\n\t\t\t\t\t\t\t\t\t<a class=\"button hvr-float\" href=\"https:\/\/church4you.be\/brabant-wallon\/?event=pelerinage-a-lourdes-2026\">Plus d'infos<\/a>\n\t\t\t\t\t\t\t\t\n\t\t\t<\/div>\n\t\t<\/div>\n\t<\/div>\n<\/div> <div class=\"grid-item block event brabantwallon\" data-latitude=\"0\" data-longitude=\"0\" data-title=\"LE MAREDSOUS SOUND FESTIVAL\">\n\t<div class=\"inner\">\n\t\t\t\t<figure>\n\t\t<a href=\"https:\/\/church4you.be\/brabant-wallon\/?event=le-maredsous-sound-festival\"><img src=\"https:\/\/church4you.be\/brabant-wallon\/wp-content\/uploads\/sites\/3\/2026\/05\/Capture-decran-2026-05-07-a-11.08.57-580x411.png\" class=\"tac-event-img wp-post-image\" alt=\"\" loading=\"lazy\" srcset=\"https:\/\/church4you.be\/brabant-wallon\/wp-content\/uploads\/sites\/3\/2026\/05\/Capture-decran-2026-05-07-a-11.08.57-580x411.png 580w, https:\/\/church4you.be\/brabant-wallon\/wp-content\/uploads\/sites\/3\/2026\/05\/Capture-decran-2026-05-07-a-11.08.57-250x177.png 250w, https:\/\/church4you.be\/brabant-wallon\/wp-content\/uploads\/sites\/3\/2026\/05\/Capture-decran-2026-05-07-a-11.08.57-768x545.png 768w, https:\/\/church4you.be\/brabant-wallon\/wp-content\/uploads\/sites\/3\/2026\/05\/Capture-decran-2026-05-07-a-11.08.57-75x53.png 75w, https:\/\/church4you.be\/brabant-wallon\/wp-content\/uploads\/sites\/3\/2026\/05\/Capture-decran-2026-05-07-a-11.08.57.png 1269w\" sizes=\"(max-width: 580px) 100vw, 580px\" \/><\/a>\n\t\t\t\t<\/figure>\n\t\t\t\t<div class=\"content\">\n\t\t\t<div class=\"clear\">\n\t\t\t\t<a href=\"https:\/\/church4you.be\/brabant-wallon\/?event=le-maredsous-sound-festival\"><h2>LE MAREDSOUS SOUND FESTIVAL<\/h2><\/a>\n\n\t\t\t\t<span class=\"online_event\">\u00e9v\u00e9nement en ligne<\/span>\n\t\t\t\t<p>L&rsquo; \u00c9V\u00c9NEMENT \u00ab IN\u00c9DIT ET INCONTOURNABLE \u00bb CET \u00c9T\u00c9 EN BELGIQUE Les 28 et 29 ao\u00fbt 2026, pr\u00e9pare-toi \u00e0 vivre quelque chose de totalement nouveau (...)<\/p>\n\t\t\t\t\t\t\t\t\t<p class=\"mat-icon date\">vendredi 28 ao\u00fbt 2026<\/p>\t\t\t\t\n\t\t\t\t\t\t\t\t\t\n\t\t\t\t\n\t\t\t\t\t\t\t\t<div class=\"box-tax\"><a href=\"https:\/\/church4you.be\/brabant-wallon\/?event-tag=concert\" rel=\"tag\">concert<\/a><a href=\"https:\/\/church4you.be\/brabant-wallon\/?event-tag=festival\" rel=\"tag\">festival<\/a><a href=\"https:\/\/church4you.be\/brabant-wallon\/?event-tag=jeunes\" rel=\"tag\">jeunes<\/a><a href=\"https:\/\/church4you.be\/brabant-wallon\/?event-tag=musique\" rel=\"tag\">Musique<\/a><a href=\"https:\/\/church4you.be\/brabant-wallon\/?event-tag=priere\" rel=\"tag\">Pri\u00e8re<\/a><\/div>\t\t\t\t\t\t\t<\/div>\t\n\t\t\t<div class=\"clear\" style=\"margin-top: 20px;\">\n\t\t\t\t\n\t\t\t\t\t\t\t\t\t<a class=\"button hvr-float\" href=\"https:\/\/church4you.be\/brabant-wallon\/?event=le-maredsous-sound-festival\">Plus d'infos<\/a>\n\t\t\t\t\t\t\t\t\n\t\t\t<\/div>\n\t\t<\/div>\n\t<\/div>\n<\/div> <\/div>\n<\/div>\n  <div class=\"facetwp-pager\"><\/div>\n","protected":false},"excerpt":{"rendered":"","protected":false},"author":1,"featured_media":0,"parent":0,"menu_order":0,"comment_status":"closed","ping_status":"closed","template":"","meta":[],"_links":{"self":[{"href":"https:\/\/church4you.be\/brabant-wallon\/wp-json\/wp\/v2\/pages\/810"}],"collection":[{"href":"https:\/\/church4you.be\/brabant-wallon\/wp-json\/wp\/v2\/pages"}],"about":[{"href":"https:\/\/church4you.be\/brabant-wallon\/wp-json\/wp\/v2\/types\/page"}],"author":[{"embeddable":true,"href":"https:\/\/church4you.be\/brabant-wallon\/wp-json\/wp\/v2\/users\/1"}],"replies":[{"embeddable":true,"href":"https:\/\/church4you.be\/brabant-wallon\/wp-json\/wp\/v2\/comments?post=810"}],"version-history":[{"count":1,"href":"https:\/\/church4you.be\/brabant-wallon\/wp-json\/wp\/v2\/pages\/810\/revisions"}],"predecessor-version":[{"id":1918,"href":"https:\/\/church4you.be\/brabant-wallon\/wp-json\/wp\/v2\/pages\/810\/revisions\/1918"}],"wp:attachment":[{"href":"https:\/\/church4you.be\/brabant-wallon\/wp-json\/wp\/v2\/media?parent=810"}],"curies":[{"name":"wp","href":"https:\/\/api.w.org\/{rel}","templated":true}]}}